{"id":14081,"date":"2025-09-29T18:20:24","date_gmt":"2025-09-29T16:20:24","guid":{"rendered":"https:\/\/sancarlo.org\/?page_id=14081"},"modified":"2025-09-29T18:31:50","modified_gmt":"2025-09-29T16:31:50","slug":"spenden","status":"publish","type":"page","link":"https:\/\/sancarlo.org\/de\/spenden\/","title":{"rendered":"Spenden"},"content":{"rendered":"\n<p>Falls Sie unsere Missionen unterst\u00fctzen wollen, k\u00f6nnen Sie in Deutschland Ihre Spende an den Verein &#8222;Priesterbruderschaft der Missionare des Hl. Karl B. in Deutschland e.V.&#8220; zukommen lassen.<\/p>\n\n\n\n<p class=\"has-primary-green-color has-text-color has-link-color wp-elements-0286b5a66c52984b435282dfaf607fac\"><em><mark style=\"background-color:rgba(0, 0, 0, 0)\" class=\"has-inline-color has-primary-green-color\">IBAN: DE85370601931019416018<br>BIC: GENODED1PAX<br>Pax Bank<br>Verwendungszweck: Spende f\u00fcr die Missionen (oder f\u00fcr das Projekt\/die Mission, die Sie unterst\u00fctzen wollen)<\/mark><\/em><\/p>\n\n\n\n<p><\/p>\n\n\n\n<p>Oder Sie nutzen das Spendenportal der Pax Bank<\/p>\n\n\n\n<div class=\"wp-block-buttons\">\n<div class=\"wp-block-button\"><a class=\"wp-block-button__link wp-element-button\" href=\"https:\/\/www.gemeinsam-spenden-gewinnen.de\/projekt-details.html?id=438\" target=\"_blank\" rel=\"noreferrer noopener nofollow\">Zum Spendenportal <\/a><\/div>\n<\/div>\n\n\n\n<p><\/p>\n\n\n\n<p>Unser Verein ist als gemeinn\u00fctzig anerkannt. Eine Spendenbescheinigung erhalten Sie i.d.R. am Jahresende.<\/p>\n\n\n\n<p><\/p>\n\n\n\n<p><strong><mark style=\"background-color:rgba(0, 0, 0, 0)\" class=\"has-inline-color has-primary-green-color\">Herzlichen Dank f\u00fcr Ihre Unterst\u00fctzung!<\/mark><\/strong><\/p>\n","protected":false},"excerpt":{"rendered":"<p>Falls Sie unsere Missionen unterst\u00fctzen wollen, k\u00f6nnen Sie in Deutschland Ihre Spende an den Verein &#8222;Priesterbruderschaft der Missionare des Hl. Karl B. in Deutschland e.V.&#8220; zukommen lassen. IBAN: DE85370601931019416018BIC: GENODED1PAXPax BankVerwendungszweck: Spende f\u00fcr die Missionen (oder f\u00fcr das Projekt\/die Mission, die Sie unterst\u00fctzen wollen) Oder Sie nutzen das Spendenportal der Pax Bank Unser Verein ist [&hellip;]<\/p>\n","protected":false},"author":1,"featured_media":0,"parent":0,"menu_order":0,"comment_status":"closed","ping_status":"closed","template":"","meta":{"_acf_changed":false,"inline_featured_image":false,"slim_seo":{"title":"Spenden - Priesterbruderschaft des heiligen Karl Borrom\u00e4us","description":"Falls Sie unsere Missionen unterst\u00fctzen wollen, k\u00f6nnen Sie in Deutschland Ihre Spende an den Verein \"Priesterbruderschaft der Missionare des Hl. Karl B. in Deut"},"footnotes":""},"class_list":["post-14081","page","type-page","status-publish","hentry"],"acf":[],"_links":{"self":[{"href":"https:\/\/sancarlo.org\/de\/wp-json\/wp\/v2\/pages\/14081","targetHints":{"allow":["GET"]}}],"collection":[{"href":"https:\/\/sancarlo.org\/de\/wp-json\/wp\/v2\/pages"}],"about":[{"href":"https:\/\/sancarlo.org\/de\/wp-json\/wp\/v2\/types\/page"}],"author":[{"embeddable":true,"href":"https:\/\/sancarlo.org\/de\/wp-json\/wp\/v2\/users\/1"}],"replies":[{"embeddable":true,"href":"https:\/\/sancarlo.org\/de\/wp-json\/wp\/v2\/comments?post=14081"}],"version-history":[{"count":9,"href":"https:\/\/sancarlo.org\/de\/wp-json\/wp\/v2\/pages\/14081\/revisions"}],"predecessor-version":[{"id":14093,"href":"https:\/\/sancarlo.org\/de\/wp-json\/wp\/v2\/pages\/14081\/revisions\/14093"}],"wp:attachment":[{"href":"https:\/\/sancarlo.org\/de\/wp-json\/wp\/v2\/media?parent=14081"}],"curies":[{"name":"wp","href":"https:\/\/api.w.org\/{rel}","templated":true}]}}