{"id":7864,"date":"2023-07-20T17:10:58","date_gmt":"2023-07-20T15:10:58","guid":{"rendered":"https:\/\/sancarlo.org\/chi-siamo\/"},"modified":"2026-03-09T17:51:54","modified_gmt":"2026-03-09T16:51:54","slug":"wer-wir-sind","status":"publish","type":"page","link":"https:\/\/sancarlo.org\/de\/wer-wir-sind\/","title":{"rendered":"Wer wir sind"},"content":{"rendered":"<div class=\"navigator-wrapper\">\n\t<nav class=\"navigator navigator--anchors\" data-component=\"navigator\" aria-label=\"Page index\"><\/nav>\n\t<details class=\"accordion navigator--accordion\" data-component=\"navigator\" data-placeholder=\"Page index\" >\n\t\t<summary class=\"accordion-summary\">Page index<\/summary>\n\t\t<div class=\"accordion-content\"><\/div>\n\t<\/details>\n<\/div>\t\n\n\n<figure class=\"wp-block-image wp-block-image--fnztema is-style-full-width\"><picture><source media=\"(min-width: 1280px)\" srcset=\"https:\/\/sancarlo.org\/wp-content\/uploads\/2023\/06\/20210718-25-Vacanze-FSCB-Corvara-5-copia-1366x820.jpg 1x, https:\/\/sancarlo.org\/wp-content\/uploads\/2023\/06\/20210718-25-Vacanze-FSCB-Corvara-5-copia.jpg 2x\"><source media=\"(min-width: 1024px)\" srcset=\"https:\/\/sancarlo.org\/wp-content\/uploads\/2023\/06\/20210718-25-Vacanze-FSCB-Corvara-5-copia-1024x614.jpg 1x, https:\/\/sancarlo.org\/wp-content\/uploads\/2023\/06\/20210718-25-Vacanze-FSCB-Corvara-5-copia.jpg 2x\"><source media=\"(min-width: 768px)\" srcset=\"https:\/\/sancarlo.org\/wp-content\/uploads\/2023\/06\/20210718-25-Vacanze-FSCB-Corvara-5-copia-800x480.jpg 1x, https:\/\/sancarlo.org\/wp-content\/uploads\/2023\/06\/20210718-25-Vacanze-FSCB-Corvara-5-copia-1600x960.jpg 2x\"><source media=\"(min-width: 200px)\" srcset=\"https:\/\/sancarlo.org\/wp-content\/uploads\/2023\/06\/20210718-25-Vacanze-FSCB-Corvara-5-copia-500x300.jpg 1x, https:\/\/sancarlo.org\/wp-content\/uploads\/2023\/06\/20210718-25-Vacanze-FSCB-Corvara-5-copia-1000x600.jpg 2x\"><img decoding=\"async\" src=\"data:image\/gif;base64,R0lGODlhAQABAAAAACH5BAEKAAEALAAAAAABAAEAAAICTAEAOw==\" alt=\"\" \/><\/picture><\/figure>\n\n\n<h2 class=\"wp-block-heading has-text-color-color has-text-color\" id=\"checose\">Was ist die Priesterbruderschaft des hl. Karl?<\/h2>\n\n\n\n<p>Die Priesterbruderschaft der Missionare des heiligen Karl Borrom\u00e4us ist eine Gesellschaft des apostolischen Lebens p\u00e4pstlichen Rechts.<\/p>\n\n\n\n<p>Die Priesterbruderschaft geht zur\u00fcck auf das Charisma der Bewegung Comunione e Liberazione. Die jungen M\u00e4nner, die in diese Bruderschaft eintreten, um Priester zu werden, haben in ihr die endg\u00fcltige Form ihrer Zugeh\u00f6rigkeit zur Kirche gefunden. Durch missionarische Arbeit wollen sie dieses Charisma verbreiten und leiten daraus auch die Methode f\u00fcr ihr Apostolat ab.<\/p>\n\n\n\n<blockquote class=\"wp-block-quote\">\n<p>Eine Leidenschaft f\u00fcr die Verherrlichung Christi und ein Leben als Zeugnis f\u00fcr diese Leidenschaft<\/p>\n<cite>Don Luigi Giussani<\/cite><\/blockquote>\n\n\n\n<p>Die Priester der Fraternit\u00e0 San Carlo leben in H\u00e4usern mit drei oder mehr Personen zusammen. Die Communio unter ihnen soll eine St\u00fctze bei der t\u00e4glichen Missionsarbeit sein, ein Weg der Bekehrung und die Weise, wie sie ihr Priestertum leben. Sie sind bereit, sich dorthin senden zu lassen, wo die Kirche ihrer bedarf.<\/p>\n\n\n\n<p>In Absprache mit dem Bischof der Di\u00f6zese, in der sie arbeiten, leisten sie ihren Dienst in Pfarreien, Schulen, Gef\u00e4ngnissen und Krankenh\u00e4usern.<\/p>\n\n\n\n<p><\/p>\n\n\n\n<h2 class=\"wp-block-heading\" id=\"storia\">Eine noch junge Geschichte<\/h2>\n\n\n<figure class=\"wp-block-image wp-block-image--fnztema\"><picture><source media=\"(min-width: 1024px)\" srcset=\"https:\/\/sancarlo.org\/wp-content\/uploads\/2023\/06\/pezzi-cappellette_21-1024x561.jpg 1x, https:\/\/sancarlo.org\/wp-content\/uploads\/2023\/06\/pezzi-cappellette_21.jpg 2x\"><source media=\"(min-width: 768px)\" srcset=\"https:\/\/sancarlo.org\/wp-content\/uploads\/2023\/06\/pezzi-cappellette_21-800x438.jpg 1x, https:\/\/sancarlo.org\/wp-content\/uploads\/2023\/06\/pezzi-cappellette_21-1600x877.jpg 2x\"><source media=\"(min-width: 200px)\" srcset=\"https:\/\/sancarlo.org\/wp-content\/uploads\/2023\/06\/pezzi-cappellette_21-500x274.jpg 1x, https:\/\/sancarlo.org\/wp-content\/uploads\/2023\/06\/pezzi-cappellette_21-1000x548.jpg 2x\"><img decoding=\"async\" src=\"data:image\/gif;base64,R0lGODlhAQABAAAAACH5BAEKAAEALAAAAAABAAEAAAICTAEAOw==\" alt=\"\" \/><\/picture><\/figure>\n\n\n<blockquote class=\"wp-block-quote\">\n<p>Geht zu allen V\u00f6lkern, um ihnen die Wahrheit, die Sch\u00f6nheit und den Frieden zu bringen, dem man in Christus, dem Erl\u00f6ser, begegnet!<\/p>\n<cite>Johannes Paul II.<\/cite><\/blockquote>\n\n\n\n<p>Im September 1984 erteilte Papst Johannes Paul II. der Bewegung Comunione e Liberazione anl\u00e4sslich einer Audienz zum 30. Jahrestag ihrer Gr\u00fcndung den Auftrag: \u201eGeht zu allen V\u00f6lkern, um ihnen die Wahrheit, die Sch\u00f6nheit und den Frieden zu bringen, dem man in Christus, dem Erl\u00f6ser, begegnet!\u201c<\/p>\n\n\n\n<p>Am 14. September 1985 unterzeichnete Don Massimo Camisasca, diesem Auftrag des Papstes folgend, zusammen mit sechs weiteren Priestern die Gr\u00fcndungsurkunde, mit der die Geschichte der Fraternit\u00e0 San Carlo begann. Es handelt sich um eine Priestergemeinschaft, die das Ziel hat, junge Menschen zum Priestertum und zur Mission zu formen. 1989 wurde sie als Gesellschaft des apostolischen Lebens di\u00f6zesanen Rechts anerkannt.<\/p>\n\n\n\n<p>In den 1990er Jahren entstanden die ersten H\u00e4user der Bruderschaft, die zumeist aus Gemeinschaften von drei oder vier Priestern bestanden, in der ganzen Welt.<\/p>\n\n\n\n<p>Am 19. M\u00e4rz 1999 erkannte Johannes Paul II. die Fraternit\u00e0 San Carlo als Gesellschaft des apostolischen Lebens p\u00e4pstlichen Rechts an. Damit fordert die Kirche sie vor der ganzen Welt auf, das Evangelium zu verk\u00fcnden bis an die Grenzen der Erde, und zwar mit dem besonderen Akzent des Charismas von Comunione e Liberazione. Am 29. September 2012 ernannte Papst Benedikt XVI. Massimo Camisasca zum Bischof der italienischen Di\u00f6zese Reggio Emilia-Guastalla. Am 1. Februar 2013 w\u00e4hlte die Generalversammlung der Priesterbruderschaft Don Paolo Sottopietra zu ihrem Generaloberen.<\/p>\n\n\n\n<p><\/p>\n\n\n\n<h2 class=\"wp-block-heading\" id=\"ilnostrovolto\">Was uns ausmacht<\/h2>\n\n\n<figure class=\"wp-block-image wp-block-image--fnztema\"><picture><source media=\"(min-width: 1024px)\" srcset=\"https:\/\/sancarlo.org\/wp-content\/uploads\/2023\/06\/giussani_GPII_camisasca_light1-1024x707.jpg 1x, https:\/\/sancarlo.org\/wp-content\/uploads\/2023\/06\/giussani_GPII_camisasca_light1.jpg 2x\"><source media=\"(min-width: 768px)\" srcset=\"https:\/\/sancarlo.org\/wp-content\/uploads\/2023\/06\/giussani_GPII_camisasca_light1-800x553.jpg 1x, https:\/\/sancarlo.org\/wp-content\/uploads\/2023\/06\/giussani_GPII_camisasca_light1.jpg 2x\"><source media=\"(min-width: 200px)\" srcset=\"https:\/\/sancarlo.org\/wp-content\/uploads\/2023\/06\/giussani_GPII_camisasca_light1-500x345.jpg 1x, https:\/\/sancarlo.org\/wp-content\/uploads\/2023\/06\/giussani_GPII_camisasca_light1-1000x691.jpg 2x\"><img decoding=\"async\" src=\"data:image\/gif;base64,R0lGODlhAQABAAAAACH5BAEKAAEALAAAAAABAAEAAAICTAEAOw==\" alt=\"\" \/><\/picture><\/figure>\n\n\n<blockquote class=\"wp-block-quote\">\n<p>Die Fraternit\u00e0 San Carlo ist entstanden aus der Leidenschaft, die Don Giussani in mein Leben und das einiger Br\u00fcder gebracht hat. Sie ist Frucht dessen, was er bei uns ges\u00e4t hat<\/p>\n<cite>Massimo Camisasca<\/cite><\/blockquote>\n\n\n\n<p>Die Worte, die das Leben der Priesterbruderschaft der Missionare des heiligen Karl Borrom\u00e4us am besten zum Ausdruck bringen, sind bereits in ihrem Namen enthalten: Bruderschaft, priesterlich, missionarisch. Und so hat ihr Gr\u00fcnder, Bischof Massimo Camisasca, sie erkl\u00e4rt:<\/p>\n\n\n\n<h3 class=\"wp-block-heading has-primary-green-color has-text-color\">Bruderschaft<\/h3>\n\n\n\n<p>\u201eDie Priesterbruderschaft ist eine Gemeinschaft von Menschen, die der Herr zusammengef\u00fchrt hat, der mit Barmherzigkeit auf ihr Leben schaut. Sie ist ein wirksames Zeichen der Barmherzigkeit Gottes. Jeder ist durch einen Ruf hierhergef\u00fchrt worden, und Christus selbst begleitet ihn immer wieder neu durch das Wirken der Mitbr\u00fcder. Deshalb ist die Priesterbruderschaft der Ort, der es uns durch unsere st\u00e4ndige Bekehrung leichter macht, Christus fortw\u00e4hrend im Ged\u00e4chtnis zu behalten.\u201c<\/p>\n\n\n\n<h3 class=\"wp-block-heading has-primary-green-color has-text-color\">Priesterlich<\/h3>\n\n\n\n<p>\u201eDie Berufung zum Priestertum ist einer der gr\u00f6\u00dften und sch\u00f6nsten Wege, die man gehen kann. Sie lebt aus der st\u00e4ndigen Gemeinschaft mit Gott und mit den Menschen. Wie alle Berufungen unterliegt auch sie der Erm\u00fcdung und Schw\u00e4che des Menschen. Wenn sie jedoch richtig unterst\u00fctzt und gef\u00f6rdert wird, bildet sie eine Br\u00fccke zwischen Himmel und Erde, ein bedeutendes Subjekt innerhalb der Heilsgeschichte sowie ein wichtiges Glied auf dem Weg zur Einheit unter den Menschen.\u201c<\/p>\n\n\n\n<h3 class=\"wp-block-heading has-primary-green-color has-text-color\">Missionarisch<\/h3>\n\n\n\n<p>\u201eDie Mission ist nicht unsere Erfindung, nicht Ausdruck unserer besonderen Gaben oder Leidenschaften, auch wenn sie sich aus all den Gaben speisen kann, die Gott uns gegeben hat. Sie besteht schlicht darin, dass wir in die Mission eintreten, zu der Gott seinen eigenen Sohn in die Welt gesandt hat, und zu der der Sohn die Apostel ausgesandt hat, und diese wiederum ihre Br\u00fcder, bis das sichtbare Echo dieses Ereignisses uns ber\u00fchrt hat.\u201c<\/p>\n\n\n\n<p><\/p>\n\n\n\n<h2 class=\"wp-block-heading\" id=\"fondatore\">Der Gr\u00fcnder<\/h2>\n\n\n<figure class=\"wp-block-image wp-block-image--fnztema\"><picture><source media=\"(min-width: 1024px)\" srcset=\"https:\/\/sancarlo.org\/wp-content\/uploads\/2023\/06\/Camisasca-vescovo-reggio-1-1024x512.jpg 1x, https:\/\/sancarlo.org\/wp-content\/uploads\/2023\/06\/Camisasca-vescovo-reggio-1.jpg 2x\"><source media=\"(min-width: 768px)\" srcset=\"https:\/\/sancarlo.org\/wp-content\/uploads\/2023\/06\/Camisasca-vescovo-reggio-1-800x400.jpg 1x, https:\/\/sancarlo.org\/wp-content\/uploads\/2023\/06\/Camisasca-vescovo-reggio-1.jpg 2x\"><source media=\"(min-width: 200px)\" srcset=\"https:\/\/sancarlo.org\/wp-content\/uploads\/2023\/06\/Camisasca-vescovo-reggio-1-500x250.jpg 1x, https:\/\/sancarlo.org\/wp-content\/uploads\/2023\/06\/Camisasca-vescovo-reggio-1-1000x500.jpg 2x\"><img decoding=\"async\" src=\"data:image\/gif;base64,R0lGODlhAQABAAAAACH5BAEKAAEALAAAAAABAAEAAAICTAEAOw==\" alt=\"\" \/><\/picture><\/figure>\n\n\n<p>Massimo Camisasca wurde am 3. November 1946 in Mailand geboren. W\u00e4hrend seiner Schulzeit am Liceo Classico Berchet lernte er Don Luigi Giussani kennen, der dort sein Religionslehrer war: eine Begegnung, die sein ganzes Leben ver\u00e4ndert hat. Camisasca schloss sich der von Don Giussani ins Leben gerufenen Bewegung Giovent\u00f9 Studentesca an und wurde einer ihrer ersten Verantwortlichen.<\/p>\n\n\n\n<p>W\u00e4hrend seines Studiums an der Katholischen Universit\u00e4t von Mailand, das er mit einer Laurea in Philosophie abschloss, hatte Camisasca verschiedene \u00c4mter innerhalb der Katholischen Aktion Mailands inne und wurde schlie\u00dflich zum Di\u00f6zesanverantwortlichen gew\u00e4hlt. In diesen Jahren reifte seine Berufung zum Priestertum.<\/p>\n\n\n\n<p>Er trat in das Priesterseminar einer missionarischen Gemeinschaft in der Di\u00f6zese Bergamo ein. 1975 wurde er zum Priester geweiht. Drei Jahre sp\u00e4ter zog er nach Rom, wo er f\u00fcr die Beziehungen zwischen Comunione e Liberazione und dem Heiligen Stuhl zust\u00e4ndig war. 1985 gr\u00fcndete Don Massimo mit Ermutigung Don Giussanis in Rom die Fraternit\u00e0 Sacerdotale dei Missionari di San Carlo Borromeo.<\/p>\n\n\n\n<p>In den folgenden drei Jahrzehnten leitete Camisasca die Priesterbruderschaft und widmete sich der Ausbildung ihrer Mitglieder. Ab 2005 begleitete er auch die Gr\u00fcndung der Missionarinnen des heiligen Karl Borrom\u00e4us, eines weiblichen Instituts, das aus der Erfahrung der Fraternit\u00e0 San Carlo und dem Charisma von Don Giussani erwachsen ist. 2012 ernannte Papst Benedikt XVI. ihn zum Bischof von Reggio Emilia-Guastalla. Damit endete seine Amtszeit als Oberer der Priesterbruderschaft. Am 10. Januar 2022 nahm Papst Franziskus Camisascas R\u00fccktritt aufgrund des Erreichens der Altersgrenze an.<\/p>\n\n\n\n<p><\/p>\n\n\n\n<h2 class=\"wp-block-heading\" id=\"superiore\">Der Generalobere<\/h2>\n\n\n<figure class=\"wp-block-image wp-block-image--fnztema\"><picture><source media=\"(min-width: 1024px)\" srcset=\"https:\/\/sancarlo.org\/wp-content\/uploads\/2023\/06\/01551_07032015-2000x1200-1-1024x614.jpg 1x, https:\/\/sancarlo.org\/wp-content\/uploads\/2023\/06\/01551_07032015-2000x1200-1.jpg 2x\"><source media=\"(min-width: 768px)\" srcset=\"https:\/\/sancarlo.org\/wp-content\/uploads\/2023\/06\/01551_07032015-2000x1200-1-800x480.jpg 1x, https:\/\/sancarlo.org\/wp-content\/uploads\/2023\/06\/01551_07032015-2000x1200-1-1600x960.jpg 2x\"><source media=\"(min-width: 200px)\" srcset=\"https:\/\/sancarlo.org\/wp-content\/uploads\/2023\/06\/01551_07032015-2000x1200-1-500x300.jpg 1x, https:\/\/sancarlo.org\/wp-content\/uploads\/2023\/06\/01551_07032015-2000x1200-1-1000x600.jpg 2x\"><img decoding=\"async\" src=\"data:image\/gif;base64,R0lGODlhAQABAAAAACH5BAEKAAEALAAAAAABAAEAAAICTAEAOw==\" alt=\"\" \/><\/picture><\/figure>\n\n\n<p>Paolo Sottopietra wurde am 18. August 1967 in Tione di Trento geboren. Er wuchs in Stenico auf und lernte w\u00e4hrend seiner Schulzeit in Trient die Bewegung Comunione e Liberazione kennen.<\/p>\n\n\n\n<p>An der Katholischen Universit\u00e4t Mailand begegnete er Don Luigi Giussani, der zu dieser Zeit dort \u201eEinf\u00fchrung in die Theologie\u201c lehrte.<\/p>\n\n\n\n<p>W\u00e4hrend eines Studienaufenthalts in den USA lernte er 1991 Michael Carvill kennen, einen Priester der Fraternit\u00e0 San Carlo in Mission in Tampa, Florida. Das war seine erste Begegnung mit der Priesterbruderschaft. So wurde es f\u00fcr ihn zu einer realen Option, das Priestertum im Horizont seiner Zugeh\u00f6rigkeit zur Bewegung Comunione e Liberazione zu leben.<\/p>\n\n\n\n<p>Nach seiner R\u00fcckkehr aus den Vereinigten Staaten bat er Don Massimo Camisasca um Aufnahme in das Seminar der Bruderschaft und zog nach Rom. 1994 erwarb er an der P\u00e4pstlichen Lateranuniversit\u00e4t den Bachelor in Theologie und wurde 1995 zum Priester geweiht. 2001 wurde er an der Katholischen Universit\u00e4t Eichst\u00e4tt-Ingolstadt mit einer Arbeit im Bereich Dogmatik \u00fcber das Denken Joseph Ratzingers zum Dr. theol. promoviert.<\/p>\n\n\n\n<p>Nach seiner ersten Mission in Deutschland wurde Sottopietra nach Italien zur\u00fcckgerufen, wo er in den folgenden Jahren verschiedene Leitungsfunktionen innerhalb der Priesterbruderschaft \u00fcbernahm. Nach der Ernennung von Massimo Camisasca zum Bischof von Reggio Emilia-Guastalla wurde Don Paolo Sottopietra im Februar 2013 zum Generaloberen der Fraternit\u00e0 San Carlo gew\u00e4hlt.<\/p>\n\n\n\n<p><\/p>\n\n\n\n<p><\/p>\n\n\n\n<h2 class=\"wp-block-heading\" id=\"missionarie\">Missionarinnen des heiligen Karl Borrom\u00e4us<\/h2>\n\n\n<figure class=\"wp-block-image wp-block-image--fnztema\"><picture><source media=\"(min-width: 1024px)\" srcset=\"https:\/\/sancarlo.org\/wp-content\/uploads\/2023\/06\/MscbIMG_5084-1024x512.jpg 1x, https:\/\/sancarlo.org\/wp-content\/uploads\/2023\/06\/MscbIMG_5084.jpg 2x\"><source media=\"(min-width: 768px)\" srcset=\"https:\/\/sancarlo.org\/wp-content\/uploads\/2023\/06\/MscbIMG_5084-800x400.jpg 1x, https:\/\/sancarlo.org\/wp-content\/uploads\/2023\/06\/MscbIMG_5084-1600x800.jpg 2x\"><source media=\"(min-width: 200px)\" srcset=\"https:\/\/sancarlo.org\/wp-content\/uploads\/2023\/06\/MscbIMG_5084-500x250.jpg 1x, https:\/\/sancarlo.org\/wp-content\/uploads\/2023\/06\/MscbIMG_5084-1000x500.jpg 2x\"><img decoding=\"async\" src=\"data:image\/gif;base64,R0lGODlhAQABAAAAACH5BAEKAAEALAAAAAABAAEAAAICTAEAOw==\" alt=\"\" \/><\/picture><\/figure>\n\n\n<p>Die Gemeinschaft der Missionarinnen des heiligen Karl Borrom\u00e4us entstand aus dem Wunsch einiger junger Frauen, ebenfalls nach den Idealen der Priesterbruderschaft zu leben.<\/p>\n\n\n\n<p>2005 kam Rachele Paiusco mit ein paar Gef\u00e4hrtinnen nach Rom, um unter der Anleitung von Don Massimo Camisasca und Don Paolo Sottopietra ein gemeinschaftliches Leben zu beginnen. Bald schlossen sich ihnen weitere an. So entstand nach und nach eine Gemeinschaft, deren Leben von einer Regel des Gebets, des Studiums und der Arbeit gepr\u00e4gt ist.<\/p>\n\n\n\n<p>Am 25. M\u00e4rz 2007, dem Hochfest Mari\u00e4 Verk\u00fcndigung, wurde die kleine Gemeinschaft durch den Bischof von Porto-Santa Rufina, Gino Reali, als privater Verein von Gl\u00e4ubigen errichtet.<\/p>\n\n\n\n<p>In der ersten Zeit leitete Don Paolo Sottopietra als Generaloberer die Missionarinnen. Ein Haus im r\u00f6mischen Stadtteil Magliana, das ihnen von Kardinalvikar Camillo Ruini \u00fcbereignet wurde, nahm die ersten Frauen auf, die in das noch junge Institut eintraten. In den folgenden Jahren wurden die Grundz\u00fcge der Regel f\u00fcr die Gemeinschaft erarbeitet und es entstand eine theologische und philosophische Schule im Ausbildungshaus. Die Schwestern verrichten karitative Arbeit und arbeiten mit den Priestern der Bruderschaft in den Pfarreien zusammen.<\/p>\n\n\n\n<p>Am 25. M\u00e4rz 2012 wurden die Missionarie di San Carlo Borromeo als \u00f6ffentlicher Verein von Gl\u00e4ubigen anerkannt. In den Jahren darauf er\u00f6ffneten sie die ersten H\u00e4user au\u00dferhalb Roms. 2013 ernannte Bischof Gino Reali Rachele Paiusco zur Generaloberin. 2019 hielten die Schwestern ihre erste Generalversammlung ab, bei der Rachele Paiusco als Generaloberin best\u00e4tigt und zum ersten Mal eine von der Priesterbruderschaft unabh\u00e4ngige Leitung installiert wurde. Heute sind sie in Rom, Nairobi (Kenia), Denver (USA) und Grenoble (Frankreich) vertreten.<\/p>\n","protected":false},"excerpt":{"rendered":"<p>Was ist die Priesterbruderschaft des hl. Karl? Die Priesterbruderschaft der Missionare des heiligen Karl Borrom\u00e4us ist eine Gesellschaft des apostolischen Lebens p\u00e4pstlichen Rechts. Die Priesterbruderschaft geht zur\u00fcck auf das Charisma der Bewegung Comunione e Liberazione. Die jungen M\u00e4nner, die in diese Bruderschaft eintreten, um Priester zu werden, haben in ihr die endg\u00fcltige Form ihrer Zugeh\u00f6rigkeit [&hellip;]<\/p>\n","protected":false},"author":1,"featured_media":0,"parent":0,"menu_order":0,"comment_status":"closed","ping_status":"closed","template":"","meta":{"_acf_changed":false,"inline_featured_image":false,"slim_seo":{"title":"Wer wir sind - Priesterbruderschaft des heiligen Karl Borrom\u00e4us","description":"Was ist die Priesterbruderschaft des hl. Karl? Die Priesterbruderschaft der Missionare des heiligen Karl Borrom\u00e4us ist eine Gesellschaft des apostolischen Leben"},"footnotes":""},"class_list":["post-7864","page","type-page","status-publish","hentry"],"acf":[],"_links":{"self":[{"href":"https:\/\/sancarlo.org\/de\/wp-json\/wp\/v2\/pages\/7864","targetHints":{"allow":["GET"]}}],"collection":[{"href":"https:\/\/sancarlo.org\/de\/wp-json\/wp\/v2\/pages"}],"about":[{"href":"https:\/\/sancarlo.org\/de\/wp-json\/wp\/v2\/types\/page"}],"author":[{"embeddable":true,"href":"https:\/\/sancarlo.org\/de\/wp-json\/wp\/v2\/users\/1"}],"replies":[{"embeddable":true,"href":"https:\/\/sancarlo.org\/de\/wp-json\/wp\/v2\/comments?post=7864"}],"version-history":[{"count":5,"href":"https:\/\/sancarlo.org\/de\/wp-json\/wp\/v2\/pages\/7864\/revisions"}],"predecessor-version":[{"id":17064,"href":"https:\/\/sancarlo.org\/de\/wp-json\/wp\/v2\/pages\/7864\/revisions\/17064"}],"wp:attachment":[{"href":"https:\/\/sancarlo.org\/de\/wp-json\/wp\/v2\/media?parent=7864"}],"curies":[{"name":"wp","href":"https:\/\/api.w.org\/{rel}","templated":true}]}}