{"id":7867,"date":"2023-06-08T00:30:53","date_gmt":"2023-06-07T22:30:53","guid":{"rendered":"https:\/\/sancarlo.org\/missioni\/"},"modified":"2024-06-14T22:48:56","modified_gmt":"2024-06-14T20:48:56","slug":"unsere-haeuser","status":"publish","type":"page","link":"https:\/\/sancarlo.org\/de\/unsere-haeuser\/","title":{"rendered":"Unsere H\u00e4user"},"content":{"rendered":"","protected":false},"excerpt":{"rendered":"<p>Zur Fraternit\u00e0 San Carlo geh\u00f6ren derzeit etwa 150 Priester und 20 Seminaristen, die in fast 30 H\u00e4usern in aller Welt leben.<\/p>\n","protected":false},"author":1,"featured_media":0,"parent":0,"menu_order":0,"comment_status":"closed","ping_status":"closed","template":"templates\/listing-missions.php","meta":{"_acf_changed":false,"inline_featured_image":false,"slim_seo":{"title":"Unsere H\u00e4user - Priesterbruderschaft des heiligen Karl Borrom\u00e4us","description":"Zur Fraternit\u00e0 San Carlo geh\u00f6ren derzeit etwa 150 Priester und 20 Seminaristen, die in fast 30 H\u00e4usern in aller Welt leben."},"footnotes":""},"class_list":["post-7867","page","type-page","status-publish","hentry"],"acf":[],"_links":{"self":[{"href":"https:\/\/sancarlo.org\/de\/wp-json\/wp\/v2\/pages\/7867","targetHints":{"allow":["GET"]}}],"collection":[{"href":"https:\/\/sancarlo.org\/de\/wp-json\/wp\/v2\/pages"}],"about":[{"href":"https:\/\/sancarlo.org\/de\/wp-json\/wp\/v2\/types\/page"}],"author":[{"embeddable":true,"href":"https:\/\/sancarlo.org\/de\/wp-json\/wp\/v2\/users\/1"}],"replies":[{"embeddable":true,"href":"https:\/\/sancarlo.org\/de\/wp-json\/wp\/v2\/comments?post=7867"}],"version-history":[{"count":1,"href":"https:\/\/sancarlo.org\/de\/wp-json\/wp\/v2\/pages\/7867\/revisions"}],"predecessor-version":[{"id":7868,"href":"https:\/\/sancarlo.org\/de\/wp-json\/wp\/v2\/pages\/7867\/revisions\/7868"}],"wp:attachment":[{"href":"https:\/\/sancarlo.org\/de\/wp-json\/wp\/v2\/media?parent=7867"}],"curies":[{"name":"wp","href":"https:\/\/api.w.org\/{rel}","templated":true}]}}