{"id":7869,"date":"2023-06-08T00:31:59","date_gmt":"2023-06-07T22:31:59","guid":{"rendered":"https:\/\/sancarlo.org\/fraternita-e-missione\/"},"modified":"2025-09-19T12:13:01","modified_gmt":"2025-09-19T10:13:01","slug":"bruderschaft-und-mission","status":"publish","type":"page","link":"https:\/\/sancarlo.org\/de\/bruderschaft-und-mission\/","title":{"rendered":"Bruderschaft und Mission"},"content":{"rendered":"","protected":false},"excerpt":{"rendered":"<p>Bruderschaft und Mission ist die Zeitschrift der Priesterbruderschaft des heiligen Karl Borrom\u00e4us.<br \/>\nSeit 1995 ver\u00f6ffentlicht sie die Zeugnisse und Meditationen unserer Missionare.<\/p>\n","protected":false},"author":1,"featured_media":0,"parent":0,"menu_order":0,"comment_status":"closed","ping_status":"closed","template":"templates\/listing-posts.php","meta":{"_acf_changed":false,"inline_featured_image":false,"slim_seo":{"title":"Bruderschaft und Mission - Priesterbruderschaft des heiligen Karl Borrom\u00e4us","description":"Bruderschaft und Mission ist die Zeitschrift der Priesterbruderschaft des heiligen Karl Borrom\u00e4us. Seit 1995 ver\u00f6ffentlicht sie die Zeugnisse und Meditationen u"},"footnotes":""},"class_list":["post-7869","page","type-page","status-publish","hentry"],"acf":[],"_links":{"self":[{"href":"https:\/\/sancarlo.org\/de\/wp-json\/wp\/v2\/pages\/7869","targetHints":{"allow":["GET"]}}],"collection":[{"href":"https:\/\/sancarlo.org\/de\/wp-json\/wp\/v2\/pages"}],"about":[{"href":"https:\/\/sancarlo.org\/de\/wp-json\/wp\/v2\/types\/page"}],"author":[{"embeddable":true,"href":"https:\/\/sancarlo.org\/de\/wp-json\/wp\/v2\/users\/1"}],"replies":[{"embeddable":true,"href":"https:\/\/sancarlo.org\/de\/wp-json\/wp\/v2\/comments?post=7869"}],"version-history":[{"count":2,"href":"https:\/\/sancarlo.org\/de\/wp-json\/wp\/v2\/pages\/7869\/revisions"}],"predecessor-version":[{"id":13962,"href":"https:\/\/sancarlo.org\/de\/wp-json\/wp\/v2\/pages\/7869\/revisions\/13962"}],"wp:attachment":[{"href":"https:\/\/sancarlo.org\/de\/wp-json\/wp\/v2\/media?parent=7869"}],"curies":[{"name":"wp","href":"https:\/\/api.w.org\/{rel}","templated":true}]}}