{"id":7941,"date":"2023-06-05T23:21:10","date_gmt":"2023-06-05T21:21:10","guid":{"rendered":"https:\/\/sancarlo.org\/home\/"},"modified":"2025-09-19T10:42:44","modified_gmt":"2025-09-19T08:42:44","slug":"home","status":"publish","type":"page","link":"https:\/\/sancarlo.org\/de\/","title":{"rendered":"Home"},"content":{"rendered":"<section class=\"cardlist cardlist--post cardlist--default\" data-count=\"55\"><div class=\"cardlist-heading\">\n\t<h2 class=\"cardlist-heading-title\">Bruderschaft und Mission<\/h2>\n\t<a href=\"https:\/\/sancarlo.org\/de\/bruderschaft-und-mission\/\" class=\"cardlist-heading-link\">Alles<\/a> \n<\/div><div class=\"cardlist-inner\"><article class=\"card card--default\">\n<a class=\"card-figure\" href=\"https:\/\/sancarlo.org\/de\/ein-abgrund-der-liebe\/\" tabindex=\"-1\"><picture><source media=\"(min-width:200px)\" srcset=\"https:\/\/sancarlo.org\/wp-content\/uploads\/2025\/11\/BADIANI-400x300.jpg, https:\/\/sancarlo.org\/wp-content\/uploads\/2025\/11\/BADIANI-800x600.jpg 2x\" \/><img decoding=\"async\" src=\"data:image\/gif;base64,R0lGODlhAQABAAAAACH5BAEKAAEALAAAAAABAAEAAAICTAEAOw==\" alt=\"\" \/><\/picture><\/a>\n<div class=\"card-content\">\n\t<div class=\"card-meta card-meta--categories\"><ul class=\"taglist taglist--categories\"><li>Zeugnisse<\/li><\/ul><\/div>\n\t<h3 class=\"card-title\"><a href=\"https:\/\/sancarlo.org\/de\/ein-abgrund-der-liebe\/\">Ein Abgrund der Liebe<\/a><\/h3>\t\n\t<p class=\"card-excerpt\">Man betritt ein Krankenhaus, um jemanden zu besuchen, und verl\u00e4sst es mit der Gewissheit, viel mehr zur\u00fcckbekommen zu haben. <\/p>\n\t<div class=\"card-meta\"><ul class=\"taglist taglist--writers\" aria-label=\"Autoren:\" data-prefix=\"By\"><li>Tommaso Badiani<\/li><\/ul><\/div>\n\t<a class=\"card-cta\" tabindex=\"-1\" href=\"https:\/\/sancarlo.org\/de\/ein-abgrund-der-liebe\/\">Lesen<\/a>\n<\/div>\n<\/article> <article class=\"card card--default\">\n<a class=\"card-figure\" href=\"https:\/\/sancarlo.org\/de\/die-schoene-liebe-lernen\/\" tabindex=\"-1\"><picture><source media=\"(min-width:200px)\" srcset=\"https:\/\/sancarlo.org\/wp-content\/uploads\/2025\/10\/RUFFINI-400x300.jpg, https:\/\/sancarlo.org\/wp-content\/uploads\/2025\/10\/RUFFINI-800x600.jpg 2x\" \/><img decoding=\"async\" src=\"data:image\/gif;base64,R0lGODlhAQABAAAAACH5BAEKAAEALAAAAAABAAEAAAICTAEAOw==\" alt=\"\" \/><\/picture><\/a>\n<div class=\"card-content\">\n\t<div class=\"card-meta card-meta--categories\"><ul class=\"taglist taglist--categories\"><li>Zeugnisse<\/li><\/ul><\/div>\n\t<h3 class=\"card-title\"><a href=\"https:\/\/sancarlo.org\/de\/die-schoene-liebe-lernen\/\">Die \u201esch\u00f6ne Liebe\u201c lernen<\/a><\/h3>\t\n\t<p class=\"card-excerpt\">Kann man mit jungen Menschen \u00fcber Sexualit\u00e4t und Liebe sprechen? Ein voller H\u00f6rsaal an der Technischen Universit\u00e4t sagt: ja! <\/p>\n\t<div class=\"card-meta\"><ul class=\"taglist taglist--writers\" aria-label=\"Autoren:\" data-prefix=\"By\"><li>Marco Ruffini<\/li><\/ul><\/div>\n\t<a class=\"card-cta\" tabindex=\"-1\" href=\"https:\/\/sancarlo.org\/de\/die-schoene-liebe-lernen\/\">Lesen<\/a>\n<\/div>\n<\/article> <article class=\"card card--default\">\n<a class=\"card-figure\" href=\"https:\/\/sancarlo.org\/de\/quiet-revival-ein-stilles-erwachen\/\" tabindex=\"-1\"><picture><source media=\"(min-width:200px)\" srcset=\"https:\/\/sancarlo.org\/wp-content\/uploads\/2025\/08\/COSSA-400x300.jpg, https:\/\/sancarlo.org\/wp-content\/uploads\/2025\/08\/COSSA-800x600.jpg 2x\" \/><img decoding=\"async\" src=\"data:image\/gif;base64,R0lGODlhAQABAAAAACH5BAEKAAEALAAAAAABAAEAAAICTAEAOw==\" alt=\"\" \/><\/picture><\/a>\n<div class=\"card-content\">\n\t<div class=\"card-meta card-meta--categories\"><ul class=\"taglist taglist--categories\"><li>Zeugnisse<\/li><\/ul><\/div>\n\t<h3 class=\"card-title\"><a href=\"https:\/\/sancarlo.org\/de\/quiet-revival-ein-stilles-erwachen\/\">Quiet revival, ein stilles Erwachen<\/a><\/h3>\t\n\t<p class=\"card-excerpt\">Im alten, s\u00e4kularisierten England klopfen junge und \u00e4ltere Menschen an die T\u00fcr der Pfarrei Eastleigh, um um die R\u00fcckkehr zum katholischen Glauben zu bitten.<\/p>\n\t<div class=\"card-meta\"><ul class=\"taglist taglist--writers\" aria-label=\"Autoren:\" data-prefix=\"By\"><li>Raffaele Cossa<\/li><\/ul><\/div>\n\t<a class=\"card-cta\" tabindex=\"-1\" href=\"https:\/\/sancarlo.org\/de\/quiet-revival-ein-stilles-erwachen\/\">Lesen<\/a>\n<\/div>\n<\/article> <article class=\"card card--default\">\n<a class=\"card-figure\" href=\"https:\/\/sancarlo.org\/de\/ein-neues-leben\/\" tabindex=\"-1\"><picture><source media=\"(min-width:200px)\" srcset=\"https:\/\/sancarlo.org\/wp-content\/uploads\/2025\/11\/image-400x300.png, https:\/\/sancarlo.org\/wp-content\/uploads\/2025\/11\/image-800x600.png 2x\" \/><img decoding=\"async\" src=\"data:image\/gif;base64,R0lGODlhAQABAAAAACH5BAEKAAEALAAAAAABAAEAAAICTAEAOw==\" alt=\"\" \/><\/picture><\/a>\n<div class=\"card-content\">\n\t<div class=\"card-meta card-meta--categories\"><ul class=\"taglist taglist--categories\"><li>Zeugnisse<\/li><\/ul><\/div>\n\t<h3 class=\"card-title\"><a href=\"https:\/\/sancarlo.org\/de\/ein-neues-leben\/\">Ein neues Leben<\/a><\/h3>\t\n\t<p class=\"card-excerpt\">Dutzende junger Menschen bitten in der Basilika Saint-Joseph in Grenoble um die Taufe: ein mysteri\u00f6ses Ph\u00e4nomen, das die Kirche in Frankreich ver\u00e4ndert.<\/p>\n\t<div class=\"card-meta\"><ul class=\"taglist taglist--writers\" aria-label=\"Autoren:\" data-prefix=\"By\"><li>suor Annie Devlin<\/li><\/ul><\/div>\n\t<a class=\"card-cta\" tabindex=\"-1\" href=\"https:\/\/sancarlo.org\/de\/ein-neues-leben\/\">Lesen<\/a>\n<\/div>\n<\/article> <article class=\"card card--default\">\n<a class=\"card-figure\" href=\"https:\/\/sancarlo.org\/de\/ein-ja-zu-gott-gemeinsam\/\" tabindex=\"-1\"><picture><source media=\"(min-width:200px)\" srcset=\"https:\/\/sancarlo.org\/wp-content\/uploads\/2025\/09\/MSCB-hp8-400x300.jpg, https:\/\/sancarlo.org\/wp-content\/uploads\/2025\/09\/MSCB-hp8-800x600.jpg 2x\" \/><img decoding=\"async\" src=\"data:image\/gif;base64,R0lGODlhAQABAAAAACH5BAEKAAEALAAAAAABAAEAAAICTAEAOw==\" alt=\"\" \/><\/picture><\/a>\n<div class=\"card-content\">\n\t<div class=\"card-meta card-meta--categories\"><ul class=\"taglist taglist--categories\"><li>Testimonianze<\/li><\/ul><\/div>\n\t<h3 class=\"card-title\"><a href=\"https:\/\/sancarlo.org\/de\/ein-ja-zu-gott-gemeinsam\/\">Ein Ja zu Gott, gemeinsam<\/a><\/h3>\t\n\t<p class=\"card-excerpt\">Die Missionarinnen des heiligen Karl Borrom\u00e4us feiern ihr 20-j\u00e4hriges Bestehen. \nMittlerweile gibt es vier Missionsh\u00e4user, in Italien, Frankreich, Kenia und den USA.<\/p>\n\t<div class=\"card-meta\"><ul class=\"taglist taglist--writers\" aria-label=\"Autoren:\" data-prefix=\"By\"><li>Filippo Boscagli<\/li><\/ul><\/div>\n\t<a class=\"card-cta\" tabindex=\"-1\" href=\"https:\/\/sancarlo.org\/de\/ein-ja-zu-gott-gemeinsam\/\">Lesen<\/a>\n<\/div>\n<\/article> <article class=\"card card--default\">\n<a class=\"card-figure\" href=\"https:\/\/sancarlo.org\/de\/ein-lebendiges-bild-jesu\/\" tabindex=\"-1\"><picture><source media=\"(min-width:200px)\" srcset=\"https:\/\/sancarlo.org\/wp-content\/uploads\/2025\/11\/San-Carlo-Borromeo-Orazio-Borgianni-crop-400x300.jpg, https:\/\/sancarlo.org\/wp-content\/uploads\/2025\/11\/San-Carlo-Borromeo-Orazio-Borgianni-crop-800x600.jpg 2x\" \/><img decoding=\"async\" src=\"data:image\/gif;base64,R0lGODlhAQABAAAAACH5BAEKAAEALAAAAAABAAEAAAICTAEAOw==\" alt=\"\" \/><\/picture><\/a>\n<div class=\"card-content\">\n\t<div class=\"card-meta card-meta--categories\"><ul class=\"taglist taglist--categories\"><li>Meditazioni<\/li><\/ul><\/div>\n\t<h3 class=\"card-title\"><a href=\"https:\/\/sancarlo.org\/de\/ein-lebendiges-bild-jesu\/\">Ein lebendiges Bild Jesu<\/a><\/h3>\t\n\t<p class=\"card-excerpt\">Warum hei\u00dft die Priesterbruderschaft nach dem heiligen Karl Borrom\u00e4us? Er hatte viel mit Don Giussani gemein.<\/p>\n\t<div class=\"card-meta\"><ul class=\"taglist taglist--writers\" aria-label=\"Autoren:\" data-prefix=\"By\"><li>Massimo Camisasca<\/li><\/ul><\/div>\n\t<a class=\"card-cta\" tabindex=\"-1\" href=\"https:\/\/sancarlo.org\/de\/ein-lebendiges-bild-jesu\/\">Lesen<\/a>\n<\/div>\n<\/article> \t\t<\/div>\n<\/section>\n\n\n\n\n\n<section class=\"banner banner--donate\">\n\t<div class=\"banner-inner\">\n\t\t<p class=\"banner-pretitle\">Nehmen Sie am Leben der Bruderschaft des Heiligen Karl Borrom\u00e4us teil<\/p>\n\t\t<h2 class=\"banner-title\">Machen Sie eine Spende<\/h2>\n\t\t<p class=\"banner-copy\">Um die Bruderschaft des Heiligen Karl zu unterst\u00fctzen und sich an ihrer Missionsarbeit zu beteiligen, k\u00f6nnen Sie eine Spende t\u00e4tigen.<\/p><div class=\"banner-actions\"><a href=\"https:\/\/sancarlo.org\/de\/spenden\" class=\"banner-cta\" target=\"_blank\">Spenden<\/a><\/div>\n\t\t<div class=\"banner-logo\"><figure class=\"site-logo\">\n\t<img\tsrc=\"https:\/\/sancarlo.org\/wp-content\/themes\/fscb\/assets\/images\/logo\/fscb_de_o.png\" alt=\"Priesterbruderschaft des heiligen Karl Borrom\u00e4us - logo\" \/>\n<\/figure><\/div>\n\t\t<p class=\"banner-note\"><\/p>\n\t<\/div>\n<\/section>\n\n\n\n<div class=\"wp-block-columns are-vertically-aligned-center quellaltro highlight\">\n<div class=\"wp-block-column is-vertically-aligned-center\" style=\"flex-basis:33.33%\"><figure class=\"wp-block-image wp-block-image--fnztema\"><picture><source media=\"(min-width: 1024px)\" srcset=\"https:\/\/sancarlo.org\/wp-content\/uploads\/2023\/08\/mscb_it_o.svg 1x, https:\/\/sancarlo.org\/wp-content\/uploads\/2023\/08\/mscb_it_o.svg 2x\"><source media=\"(min-width: 768px)\" srcset=\"https:\/\/sancarlo.org\/wp-content\/uploads\/2023\/08\/mscb_it_o.svg 1x, https:\/\/sancarlo.org\/wp-content\/uploads\/2023\/08\/mscb_it_o.svg 2x\"><source media=\"(min-width: 200px)\" srcset=\"https:\/\/sancarlo.org\/wp-content\/uploads\/2023\/08\/mscb_it_o.svg 1x, https:\/\/sancarlo.org\/wp-content\/uploads\/2023\/08\/mscb_it_o.svg 2x\"><img decoding=\"async\" src=\"data:image\/gif;base64,R0lGODlhAQABAAAAACH5BAEKAAEALAAAAAABAAEAAAICTAEAOw==\" alt=\"\" \/><\/picture><\/figure><\/div>\n\n\n\n<div class=\"wp-block-column is-vertically-aligned-center\" style=\"flex-basis:66.66%\">\n<p>Die Gemeinschaft der Missionarinnen des heiligen Karla Borrom\u00e4us entstand 2005 aus dem Wunsch einiger junger Frauen, ebenfalls nach den Idealen der Priesterbruderschaft zu leben.<\/p>\n\n\n\n<div class=\"wp-block-buttons\">\n<div class=\"wp-block-button is-style-inline\"><a class=\"wp-block-button__link wp-element-button\" href=\"https:\/\/missionariesancarlo.org\/\" target=\"_blank\" rel=\"noreferrer noopener\">Besuchen Sie die Website<\/a><\/div>\n<\/div>\n<\/div>\n<\/div>\n","protected":false},"excerpt":{"rendered":"<p>Die Gemeinschaft der Missionarinnen des heiligen Karla Borrom\u00e4us entstand 2005 aus dem Wunsch einiger junger Frauen, ebenfalls nach den Idealen der Priesterbruderschaft zu leben.<\/p>\n","protected":false},"author":1,"featured_media":0,"parent":0,"menu_order":0,"comment_status":"closed","ping_status":"closed","template":"","meta":{"_acf_changed":false,"inline_featured_image":false,"slim_seo":{"title":"Ein lebendiges Bild Jesu - Priesterbruderschaft des heiligen Karl Borrom\u00e4us","description":"Warum hei\u00dft die Priesterbruderschaft nach dem heiligen Karl Borrom\u00e4us? Er hatte viel mit Don Giussani gemein."},"footnotes":""},"class_list":["post-7941","page","type-page","status-publish","hentry"],"acf":[],"_links":{"self":[{"href":"https:\/\/sancarlo.org\/de\/wp-json\/wp\/v2\/pages\/7941","targetHints":{"allow":["GET"]}}],"collection":[{"href":"https:\/\/sancarlo.org\/de\/wp-json\/wp\/v2\/pages"}],"about":[{"href":"https:\/\/sancarlo.org\/de\/wp-json\/wp\/v2\/types\/page"}],"author":[{"embeddable":true,"href":"https:\/\/sancarlo.org\/de\/wp-json\/wp\/v2\/users\/1"}],"replies":[{"embeddable":true,"href":"https:\/\/sancarlo.org\/de\/wp-json\/wp\/v2\/comments?post=7941"}],"version-history":[{"count":4,"href":"https:\/\/sancarlo.org\/de\/wp-json\/wp\/v2\/pages\/7941\/revisions"}],"predecessor-version":[{"id":13961,"href":"https:\/\/sancarlo.org\/de\/wp-json\/wp\/v2\/pages\/7941\/revisions\/13961"}],"wp:attachment":[{"href":"https:\/\/sancarlo.org\/de\/wp-json\/wp\/v2\/media?parent=7941"}],"curies":[{"name":"wp","href":"https:\/\/api.w.org\/{rel}","templated":true}]}}