{"id":3120,"date":"2023-06-05T23:21:10","date_gmt":"2023-06-05T21:21:10","guid":{"rendered":"https:\/\/sancarlo.org\/home\/"},"modified":"2023-08-08T12:55:14","modified_gmt":"2023-08-08T10:55:14","slug":"home","status":"publish","type":"page","link":"https:\/\/sancarlo.org\/es\/","title":{"rendered":"Home"},"content":{"rendered":"<section class=\"cardlist cardlist--post cardlist--default\" data-count=\"262\"><div class=\"cardlist-heading\">\n\t<h2 class=\"cardlist-heading-title\">Fraternidad y misi\u00f3n<\/h2>\n\t<a href=\"https:\/\/sancarlo.org\/es\/fraternidad-y-mision\/\" class=\"cardlist-heading-link\">Ver todo<\/a> \n<\/div><div class=\"cardlist-inner\"><article class=\"card card--default\">\n<a class=\"card-figure\" href=\"https:\/\/sancarlo.org\/es\/el-mundo-en-la-plaza-vittorio\/\" tabindex=\"-1\"><picture><source media=\"(min-width:200px)\" srcset=\"https:\/\/sancarlo.org\/wp-content\/uploads\/2025\/12\/illustrazione-130-Ill_fem2511-400x300.jpg, https:\/\/sancarlo.org\/wp-content\/uploads\/2025\/12\/illustrazione-130-Ill_fem2511-800x600.jpg 2x\" \/><img decoding=\"async\" src=\"data:image\/gif;base64,R0lGODlhAQABAAAAACH5BAEKAAEALAAAAAABAAEAAAICTAEAOw==\" alt=\"\" \/><\/picture><\/a>\n<div class=\"card-content\">\n\t<div class=\"card-meta card-meta--categories\"><ul class=\"taglist taglist--categories\"><li>Testimonios<\/li><\/ul><\/div>\n\t<h3 class=\"card-title\"><a href=\"https:\/\/sancarlo.org\/es\/el-mundo-en-la-plaza-vittorio\/\">El mundo en la plaza Vittorio<\/a><\/h3>\t\n\t<p class=\"card-excerpt\">A dos pasos de la estaci\u00f3n Termini se encuentran todas las culturas del mundo. Ah\u00ed est\u00e1 el p\u00e1rroco de Sant\u2019Eusebio, que acoge a quien llama a la puerta.<\/p>\n\t<div class=\"card-meta\"><ul class=\"taglist taglist--writers\" aria-label=\"Autores:\" data-prefix=\"Por\"><li>Maurizio Pirola<\/li><\/ul><\/div>\n\t<a class=\"card-cta\" tabindex=\"-1\" href=\"https:\/\/sancarlo.org\/es\/el-mundo-en-la-plaza-vittorio\/\">Leer<\/a>\n<\/div>\n<\/article> <article class=\"card card--default\">\n<a class=\"card-figure\" href=\"https:\/\/sancarlo.org\/es\/mostrar-la-belleza\/\" tabindex=\"-1\"><picture><source media=\"(min-width:200px)\" srcset=\"https:\/\/sancarlo.org\/wp-content\/uploads\/2026\/01\/BAGGI-400x300.jpg, https:\/\/sancarlo.org\/wp-content\/uploads\/2026\/01\/BAGGI-800x600.jpg 2x\" \/><img decoding=\"async\" src=\"data:image\/gif;base64,R0lGODlhAQABAAAAACH5BAEKAAEALAAAAAABAAEAAAICTAEAOw==\" alt=\"\" \/><\/picture><\/a>\n<div class=\"card-content\">\n\t<div class=\"card-meta card-meta--categories\"><ul class=\"taglist taglist--categories\"><li>Testimonios<\/li><\/ul><\/div>\n\t<h3 class=\"card-title\"><a href=\"https:\/\/sancarlo.org\/es\/mostrar-la-belleza\/\">Mostrar la Belleza<\/a><\/h3>\t\n\t<p class=\"card-excerpt\">Un grupo de j\u00f3venes h\u00fangaros de peregrinaci\u00f3n a la Sagrada Familia para descubrir la Belleza que hiere el coraz\u00f3n.<\/p>\n\t<div class=\"card-meta\"><ul class=\"taglist taglist--writers\" aria-label=\"Autores:\" data-prefix=\"Por\"><li>Michele Baggi<\/li><\/ul><\/div>\n\t<a class=\"card-cta\" tabindex=\"-1\" href=\"https:\/\/sancarlo.org\/es\/mostrar-la-belleza\/\">Leer<\/a>\n<\/div>\n<\/article> <article class=\"card card--default\">\n<a class=\"card-figure\" href=\"https:\/\/sancarlo.org\/es\/via-crucis-en-las-aguas\/\" tabindex=\"-1\"><picture><source media=\"(min-width:200px)\" srcset=\"https:\/\/sancarlo.org\/wp-content\/uploads\/2026\/03\/20260328-Bogota-Via-Crucis-bambini-12-dimensioni-grandi-1-400x300.jpeg, https:\/\/sancarlo.org\/wp-content\/uploads\/2026\/03\/20260328-Bogota-Via-Crucis-bambini-12-dimensioni-grandi-1-800x600.jpeg 2x\" \/><img decoding=\"async\" src=\"data:image\/gif;base64,R0lGODlhAQABAAAAACH5BAEKAAEALAAAAAABAAEAAAICTAEAOw==\" alt=\"\" \/><\/picture><\/a>\n<div class=\"card-content\">\n\t<div class=\"card-meta card-meta--categories\"><ul class=\"taglist taglist--categories\"><li>Galer\u00eda<\/li><\/ul><\/div>\n\t<h3 class=\"card-title\"><a href=\"https:\/\/sancarlo.org\/es\/via-crucis-en-las-aguas\/\">V\u00eda Crucis en Las Aguas<\/a><\/h3>\t\n\t<p class=\"card-excerpt\">En el centro de Bogot\u00e1, un V\u00eda Crucis para los ni\u00f1os de Las Aguas.<\/p>\n\t<div class=\"card-meta\"><ul class=\"taglist taglist--cities\"><li>Bogot\u00e1<\/li><\/ul><time class=\"taglist taglist--date\" datetime=\"10\/04\/2026 - 14:49\">abril 2026<\/time><\/div>\n\t<a class=\"card-cta\" tabindex=\"-1\" href=\"https:\/\/sancarlo.org\/es\/via-crucis-en-las-aguas\/\">Leer<\/a>\n<\/div>\n<\/article> <article class=\"card card--default\">\n<a class=\"card-figure\" href=\"https:\/\/sancarlo.org\/es\/audiencia-con-su-santidad-leon-xiv\/\" tabindex=\"-1\"><picture><source media=\"(min-width:200px)\" srcset=\"https:\/\/sancarlo.org\/wp-content\/uploads\/2026\/03\/20260316-Roma-Udienza-papa-Leone-XIV-SITO-400x300.jpg, https:\/\/sancarlo.org\/wp-content\/uploads\/2026\/03\/20260316-Roma-Udienza-papa-Leone-XIV-SITO-800x600.jpg 2x\" \/><img decoding=\"async\" src=\"data:image\/gif;base64,R0lGODlhAQABAAAAACH5BAEKAAEALAAAAAABAAEAAAICTAEAOw==\" alt=\"\" \/><\/picture><\/a>\n<div class=\"card-content\">\n\t<div class=\"card-meta card-meta--categories\"><ul class=\"taglist taglist--categories\"><li>Testimonios<\/li><\/ul><\/div>\n\t<h3 class=\"card-title\"><a href=\"https:\/\/sancarlo.org\/es\/audiencia-con-su-santidad-leon-xiv\/\">Audiencia con Su Santidad Le\u00f3n XIV<\/a><\/h3>\t\n\t<p class=\"card-excerpt\">El lunes 16 de marzo, los superiores de la Fraternidad y de las Misioneras de San Carlos fueron recibidos en audiencia por el papa Le\u00f3n XIV.<\/p>\n\t<div class=\"card-meta\"><ul class=\"taglist taglist--writers\" aria-label=\"Autores:\" data-prefix=\"Por\"><li>Redazione<\/li><\/ul><\/div>\n\t<a class=\"card-cta\" tabindex=\"-1\" href=\"https:\/\/sancarlo.org\/es\/audiencia-con-su-santidad-leon-xiv\/\">Leer<\/a>\n<\/div>\n<\/article> <article class=\"card card--default\">\n<a class=\"card-figure\" href=\"https:\/\/sancarlo.org\/es\/la-alegria-de-entregarlo-todo\/\" tabindex=\"-1\"><picture><source media=\"(min-width:200px)\" srcset=\"https:\/\/sancarlo.org\/wp-content\/uploads\/2026\/03\/20240825-Rimini-Meeting-2024-fotografi-fiera-22-dimensioni-grandi-400x300.jpeg, https:\/\/sancarlo.org\/wp-content\/uploads\/2026\/03\/20240825-Rimini-Meeting-2024-fotografi-fiera-22-dimensioni-grandi-800x600.jpeg 2x\" \/><img decoding=\"async\" src=\"data:image\/gif;base64,R0lGODlhAQABAAAAACH5BAEKAAEALAAAAAABAAEAAAICTAEAOw==\" alt=\"\" \/><\/picture><\/a>\n<div class=\"card-content\">\n\t<div class=\"card-meta card-meta--categories\"><ul class=\"taglist taglist--categories\"><li>Testimonios<\/li><\/ul><\/div>\n\t<h3 class=\"card-title\"><a href=\"https:\/\/sancarlo.org\/es\/la-alegria-de-entregarlo-todo\/\">La alegr\u00eda de entregarlo todo<\/a><\/h3>\t\n\t<p class=\"card-excerpt\">Entre Polonia, Alemania e Italia. La historia de sor Alina, que el 25 de marzo profes\u00f3 los votos definitivos en las Misioneras de San Carlos Borromeo.<\/p>\n\t<div class=\"card-meta\"><ul class=\"taglist taglist--writers\" aria-label=\"Autores:\" data-prefix=\"Por\"><li>suor Alina Graz<\/li><\/ul><\/div>\n\t<a class=\"card-cta\" tabindex=\"-1\" href=\"https:\/\/sancarlo.org\/es\/la-alegria-de-entregarlo-todo\/\">Leer<\/a>\n<\/div>\n<\/article> <article class=\"card card--default\">\n<a class=\"card-figure\" href=\"https:\/\/sancarlo.org\/es\/la-mejor-parte\/\" tabindex=\"-1\"><picture><source media=\"(min-width:200px)\" srcset=\"https:\/\/sancarlo.org\/wp-content\/uploads\/2026\/03\/20221208_MSCB-Voti-semplici-79-dimensioni-grandi-400x300.jpeg, https:\/\/sancarlo.org\/wp-content\/uploads\/2026\/03\/20221208_MSCB-Voti-semplici-79-dimensioni-grandi-800x600.jpeg 2x\" \/><img decoding=\"async\" src=\"data:image\/gif;base64,R0lGODlhAQABAAAAACH5BAEKAAEALAAAAAABAAEAAAICTAEAOw==\" alt=\"\" \/><\/picture><\/a>\n<div class=\"card-content\">\n\t<div class=\"card-meta card-meta--categories\"><ul class=\"taglist taglist--categories\"><li>Testimonios<\/li><\/ul><\/div>\n\t<h3 class=\"card-title\"><a href=\"https:\/\/sancarlo.org\/es\/la-mejor-parte\/\">La mejor parte<\/a><\/h3>\t\n\t<p class=\"card-excerpt\">De un estudio de arquitectura de Mil\u00e1n a la consagraci\u00f3n definitiva en las Misioneras de San Carlos Borromeo. La historia de sor Francesca Favero.<\/p>\n\t<div class=\"card-meta\"><ul class=\"taglist taglist--writers\" aria-label=\"Autores:\" data-prefix=\"Por\"><li>suor Francesca Favero<\/li><\/ul><\/div>\n\t<a class=\"card-cta\" tabindex=\"-1\" href=\"https:\/\/sancarlo.org\/es\/la-mejor-parte\/\">Leer<\/a>\n<\/div>\n<\/article> \t\t<\/div>\n<\/section>\n\n\n<section class=\"cardlist cardlist--focus cardlist--default\" data-count=\"1\"><div class=\"cardlist-inner\"><article class=\"card card--focus\">\n<a class=\"card-figure\" href=\"https:\/\/dona.sancarlo.org\/sostieni_il_seminario_offerta_generica\/\" tabindex=\"-1\"><picture><source media=\"(min-width:768px)\" srcset=\"https:\/\/sancarlo.org\/wp-content\/uploads\/2024\/01\/FESTA_SABATO_2023-94-900x675.jpg, https:\/\/sancarlo.org\/wp-content\/uploads\/2024\/01\/FESTA_SABATO_2023-94-1800x1339.jpg 2x\" \/><source media=\"(min-width:200px)\" srcset=\"https:\/\/sancarlo.org\/wp-content\/uploads\/2024\/01\/FESTA_SABATO_2023-94-400x300.jpg, https:\/\/sancarlo.org\/wp-content\/uploads\/2024\/01\/FESTA_SABATO_2023-94-800x600.jpg 2x\" \/><img decoding=\"async\" src=\"data:image\/gif;base64,R0lGODlhAQABAAAAACH5BAEKAAEALAAAAAABAAEAAAICTAEAOw==\" alt=\"\" \/><\/picture><\/a>\n<div class=\"card-content\">\n<h3 class=\"card-title\"><a href=\"https:\/\/dona.sancarlo.org\/sostieni_il_seminario_offerta_generica\/\" >\u00a1Apoya a un seminarista!<\/a><\/h3>\t\n<div class=\"card-excerpt\"><p>Participando en la campa\u00f1a \u201cAmigos del Seminario\u201d, puedes ayudar a un joven en formaci\u00f3n sufragando los gastos de estudio, alojamiento y manutenci\u00f3n o actividades ben\u00e9ficas.<\/p>\n<\/div>\n<a class=\"card-cta\" tabindex=\"-1\" href=\"https:\/\/dona.sancarlo.org\/sostieni_il_seminario_offerta_generica\/\" ><\/a>\n<\/div>\n<\/article> \t\t<\/div>\n<\/section>\n\n\n\n\n\n<section class=\"banner banner--donate\">\n\t<div class=\"banner-inner\">\n\t\t<p class=\"banner-pretitle\">Participa de la vida de la Fraternidad de san Carlos Borromeo<\/p>\n\t\t<h2 class=\"banner-title\">Suscripciones y donativos<\/h2>\n\t\t<p class=\"banner-copy\">La Fraternidad de san Carlos Borromeo vive gracias a la generosidad de amigos y benefactores. Si quieres sostener nuestra misi\u00f3n y participar de nuestra vida, puedes hacer un donativo online y suscribirte al bolet\u00edn.<\/p><div class=\"banner-actions\"><a href=\"https:\/\/sancarlo.org\/es\/donativos\" class=\"banner-cta\" target=\"_blank\">Donar<\/a><a href=\"https:\/\/abbonamenti.sancarlo.org\/abbonamento_per_me\/\" class=\"banner-cta\" target=\"_blank\">Suscribirse<\/a><\/div>\n\t\t<div class=\"banner-logo\"><figure class=\"site-logo\">\n\t<img\tsrc=\"https:\/\/sancarlo.org\/wp-content\/themes\/fscb\/assets\/images\/logo\/fscb_es_o.svg\" alt=\"Fraternidad San Carlos - logo\" \/>\n<\/figure><\/div>\n\t\t<p class=\"banner-note\">LEY 27\/2014 del 27 de noviembre del Impuesto sobre sociedades - El gobierno de Espa\u00f1a, para contrastar el blanqueo de dinero, acaba de modificar el r\u00e9gimen de donativos desgravables. Hasta ahora, los donativos no an\u00f3nimos pod\u00edan obtener una desgravaci\u00f3n del 25% del importe entregado con los l\u00edmites establecidos en el IRPF. La nueva legislaci\u00f3n eleva este importe al 30%. Adicionalmente se establece que, para aquellos donativos recurrentes que se realicen a la misma entidad por importe igual o superior durante m\u00e1s de dos a\u00f1os consecutivos, la desgravaci\u00f3n se eleve 5 puntos m\u00e1s. Adicionalmente, la ley establece que para los primeros 150\u20ac que donemos en total la desgravaci\u00f3n se eleve hasta el 75% del importe.<\/p>\n\t<\/div>\n<\/section>\n\n\n\n<div class=\"wp-block-columns are-vertically-aligned-center quellaltro highlight\">\n<div class=\"wp-block-column is-vertically-aligned-center\" style=\"flex-basis:33.33%\"><figure class=\"wp-block-image wp-block-image--fnztema\"><picture><source media=\"(min-width: 1024px)\" srcset=\"https:\/\/sancarlo.org\/wp-content\/uploads\/2023\/08\/mscb_it_o.svg 1x, https:\/\/sancarlo.org\/wp-content\/uploads\/2023\/08\/mscb_it_o.svg 2x\"><source media=\"(min-width: 768px)\" srcset=\"https:\/\/sancarlo.org\/wp-content\/uploads\/2023\/08\/mscb_it_o.svg 1x, https:\/\/sancarlo.org\/wp-content\/uploads\/2023\/08\/mscb_it_o.svg 2x\"><source media=\"(min-width: 200px)\" srcset=\"https:\/\/sancarlo.org\/wp-content\/uploads\/2023\/08\/mscb_it_o.svg 1x, https:\/\/sancarlo.org\/wp-content\/uploads\/2023\/08\/mscb_it_o.svg 2x\"><img decoding=\"async\" src=\"data:image\/gif;base64,R0lGODlhAQABAAAAACH5BAEKAAEALAAAAAABAAEAAAICTAEAOw==\" alt=\"\" \/><\/picture><\/figure><\/div>\n\n\n\n<div class=\"wp-block-column is-vertically-aligned-center\" style=\"flex-basis:66.66%\">\n<p>Las Misioneras de san Carlos Borromeo nacen del deseo de algunas chicas de compartir los ideales de la Fraternidad san Carlos.<\/p>\n\n\n\n<div class=\"wp-block-buttons\">\n<div class=\"wp-block-button is-style-inline\"><a class=\"wp-block-button__link wp-element-button\" href=\"https:\/\/missionariesancarlo.org\/\" target=\"_blank\" rel=\"noreferrer noopener\">Visita la p\u00e1gina web<\/a><\/div>\n<\/div>\n<\/div>\n<\/div>\n","protected":false},"excerpt":{"rendered":"<p>Las Misioneras de san Carlos Borromeo nacen del deseo de algunas chicas de compartir los ideales de la Fraternidad san Carlos.<\/p>\n","protected":false},"author":1,"featured_media":0,"parent":0,"menu_order":0,"comment_status":"closed","ping_status":"closed","template":"","meta":{"_acf_changed":false,"inline_featured_image":false,"slim_seo":{"title":"\u00a1Apoya a un seminarista! - Fraternidad San Carlos","description":""},"footnotes":""},"class_list":["post-3120","page","type-page","status-publish","hentry"],"acf":[],"_links":{"self":[{"href":"https:\/\/sancarlo.org\/es\/wp-json\/wp\/v2\/pages\/3120","targetHints":{"allow":["GET"]}}],"collection":[{"href":"https:\/\/sancarlo.org\/es\/wp-json\/wp\/v2\/pages"}],"about":[{"href":"https:\/\/sancarlo.org\/es\/wp-json\/wp\/v2\/types\/page"}],"author":[{"embeddable":true,"href":"https:\/\/sancarlo.org\/es\/wp-json\/wp\/v2\/users\/1"}],"replies":[{"embeddable":true,"href":"https:\/\/sancarlo.org\/es\/wp-json\/wp\/v2\/comments?post=3120"}],"version-history":[{"count":2,"href":"https:\/\/sancarlo.org\/es\/wp-json\/wp\/v2\/pages\/3120\/revisions"}],"predecessor-version":[{"id":3891,"href":"https:\/\/sancarlo.org\/es\/wp-json\/wp\/v2\/pages\/3120\/revisions\/3891"}],"wp:attachment":[{"href":"https:\/\/sancarlo.org\/es\/wp-json\/wp\/v2\/media?parent=3120"}],"curies":[{"name":"wp","href":"https:\/\/api.w.org\/{rel}","templated":true}]}}