{"id":4489,"date":"2023-09-26T16:45:39","date_gmt":"2023-09-26T14:45:39","guid":{"rendered":"https:\/\/sancarlo.org\/?page_id=4489"},"modified":"2023-09-28T16:45:17","modified_gmt":"2023-09-28T14:45:17","slug":"donativos","status":"publish","type":"page","link":"https:\/\/sancarlo.org\/es\/donativos\/","title":{"rendered":"Donativos"},"content":{"rendered":"\n<p>Para ap\u00f3yanos, haz clic <a href=\"https:\/\/dona.sancarlo.org\/\" target=\"_blank\" rel=\"noreferrer noopener\">AQU\u00cd<\/a><\/p>\n\n\n\n<h2 class=\"wp-block-heading\">Transferencia bancaria &#8211; Chile<\/h2>\n\n\n\n<p>Titular: Fraternidad Sacerdotal de los Misioneros San Carlos Borromeo <br>(RUT 65.664.750 &#8211; 7)<br>Cuenta Corriente: 45035121<br>BCI &#8211; Sucursal Edificio Corporativo. <br>Avenida El Golf 125, Las Condes, Santiago de Chile<br>Codigo SWIF: CREDCLRM<\/p>\n\n\n\n<hr class=\"wp-block-separator has-alpha-channel-opacity\"\/>\n\n\n\n<h2 class=\"wp-block-heading\">Transferencia bancaria &#8211; Espa\u00f1a<\/h2>\n\n\n\n<p>Titular: Fraternidad Sacerdotal de los Misioneros San Carlos Borromeo<br>IBAN: ES12 0075 3304 8807 0019 9302<br>Bank Identification Code (BIC): POPUESMM<\/p>\n\n\n\n<p>(Es aconsejable escribir a <a href=\"mailto:fuenlabrada@sancarlo.org\">fuenlabrada@sancarlo.org<\/a> para comunicar el donativo y por su desgravaci\u00f3n fiscal).<\/p>\n\n\n\n<p><strong>INFORMACI\u00d3N IMPORTANTE SOBRE LOS DONATIVOS Y SU DESGRAVACI\u00d3N<\/strong><br><em>LA NUEVA LEY 27\/2014 del 27 de noviembre del Impuesto sobre sociedades<\/em><\/p>\n\n\n\n<p>El gobierno, para contrastar el blanqueo de dinero, acaba de modificar el r\u00e9gimen de donativos desgravables. Hasta ahora, los donativos no an\u00f3nimos que realiz\u00e1bamos pod\u00edan obtener una desgravaci\u00f3n del 25% del importe entregado con los l\u00edmites establecidos en el IRPF. La nueva legislaci\u00f3n eleva este importe al 30% (aunque ser\u00e1 del 27,5% en 2015). Adicionalmente, se establece que para aquellos <strong>donativos recurrentes<\/strong> que se realicen <strong>a la misma entidad<\/strong> por <strong>importe igual o superior durante m\u00e1s de dos a\u00f1os consecutivos<\/strong> <strong>la desgravaci\u00f3n se eleve 5 puntos m\u00e1s (35% desde 2016<\/strong> y 27,5% para 2015). Esto constituye un gran aliciente para todos aquellos que somos suscriptores de una parroquia y otra entidad de la Iglesia desde hace tiempo, al premiar la permanencia con una mayor desgravaci\u00f3n.<strong>Adicionalmente, la ley establece que para los primeros 150\u20ac que donemos en total la desgravaci\u00f3n se eleve hasta el 75% del importe entregado a partir de 2016 (siendo el 50% en 2015). <\/strong>Ejemplo: ello supone que una persona que tenga un recibo domiciliado de la parroquia de 12\u20ac mensuales (144 \u20ac\/a\u00f1o) tendr\u00e1 derecho a una desgravaci\u00f3n de hasta 108\u20ac en su Declaraci\u00f3n de la Renta (72\u20ac en 2015). O, dicho de otra manera, que a trav\u00e9s de este sistema su esfuerzo econ\u00f3mico se podr\u00e1 multiplicar por cuatro.<\/p>\n\n\n\n<hr class=\"wp-block-separator has-alpha-channel-opacity\"\/>\n\n\n\n<h2 class=\"wp-block-heading\">Transferencia bancaria &#8211; Italia<\/h2>\n\n\n\n<p>Banca Intesa\u00a0SanPaolo<br>IBAN: IT86Q0306909606100000195594<br>BIC: BCITITMM<\/p>\n\n\n\n<p>Info: iniziativemissionarie@sancarlo.org<\/p>\n\n\n\n<p>La Fraternidad de san Carlos Borromeo vive gracias a la generosidad de amigos y benefactores. Si quieres participar de nuestra vida y sostener nuestra misi\u00f3n puedes hacer un donativo online despu\u00e9s de rellenar el formulario, o por transferencia bancaria utilizando las informaciones que se encuentran en la parte inferior de la p\u00e1gina.<\/p>\n","protected":false},"excerpt":{"rendered":"<p>Para ap\u00f3yanos, haz clic AQU\u00cd Transferencia bancaria &#8211; Chile Titular: Fraternidad Sacerdotal de los Misioneros San Carlos Borromeo (RUT 65.664.750 &#8211; 7)Cuenta Corriente: 45035121BCI &#8211; Sucursal Edificio Corporativo. Avenida El Golf 125, Las Condes, Santiago de ChileCodigo SWIF: CREDCLRM Transferencia bancaria &#8211; Espa\u00f1a Titular: Fraternidad Sacerdotal de los Misioneros San Carlos BorromeoIBAN: ES12 0075 3304 [&hellip;]<\/p>\n","protected":false},"author":1,"featured_media":0,"parent":0,"menu_order":0,"comment_status":"closed","ping_status":"closed","template":"","meta":{"_acf_changed":false,"inline_featured_image":false,"slim_seo":{"title":"Donativos - Fraternidad San Carlos","description":"Para ap\u00f3yanos, haz clic AQU\u00cd Transferencia bancaria - Chile Titular: Fraternidad Sacerdotal de los Misioneros San Carlos Borromeo (RUT 65.664.750 - 7) Cuenta Co"},"footnotes":""},"class_list":["post-4489","page","type-page","status-publish","hentry"],"acf":[],"_links":{"self":[{"href":"https:\/\/sancarlo.org\/es\/wp-json\/wp\/v2\/pages\/4489","targetHints":{"allow":["GET"]}}],"collection":[{"href":"https:\/\/sancarlo.org\/es\/wp-json\/wp\/v2\/pages"}],"about":[{"href":"https:\/\/sancarlo.org\/es\/wp-json\/wp\/v2\/types\/page"}],"author":[{"embeddable":true,"href":"https:\/\/sancarlo.org\/es\/wp-json\/wp\/v2\/users\/1"}],"replies":[{"embeddable":true,"href":"https:\/\/sancarlo.org\/es\/wp-json\/wp\/v2\/comments?post=4489"}],"version-history":[{"count":3,"href":"https:\/\/sancarlo.org\/es\/wp-json\/wp\/v2\/pages\/4489\/revisions"}],"predecessor-version":[{"id":4542,"href":"https:\/\/sancarlo.org\/es\/wp-json\/wp\/v2\/pages\/4489\/revisions\/4542"}],"wp:attachment":[{"href":"https:\/\/sancarlo.org\/es\/wp-json\/wp\/v2\/media?parent=4489"}],"curies":[{"name":"wp","href":"https:\/\/api.w.org\/{rel}","templated":true}]}}